{"id":46,"date":"2023-06-26T18:03:13","date_gmt":"2023-06-26T18:03:13","guid":{"rendered":"https:\/\/investco.hr\/?page_id=46"},"modified":"2023-07-04T07:12:12","modified_gmt":"2023-07-04T07:12:12","slug":"contact","status":"publish","type":"page","link":"https:\/\/www.investco.hr\/en\/contact\/","title":{"rendered":"Contact"},"content":{"rendered":"<div class=\"wp-block-columns alignfull is-layout-flex wp-container-core-columns-is-layout-28f84493 wp-block-columns-is-layout-flex\">\n<div class=\"wp-block-column is-layout-flow wp-block-column-is-layout-flow\">\n<div style=\"width: 100%\">\n  <iframe loading=\"lazy\" width=\"100%\" height=\"400\" frameborder=\"0\" scrolling=\"no\" marginheight=\"0\" marginwidth=\"0\" \n    src=\"https:\/\/maps.google.com\/maps?q=Zagreb,%20Dalmatinska%20ulica%201&#038;near=Zagreb,%20Dalmatinska%20ulica%201&#038;output=embed\">\n  <\/iframe>\n<\/div>\n\n\n\n<p><\/p>\n<\/div>\n<\/div>\n\n\n\n<div class=\"wp-block-columns container is-layout-flex wp-container-core-columns-is-layout-28f84493 wp-block-columns-is-layout-flex\">\n<div class=\"wp-block-column is-vertically-aligned-center is-layout-flow wp-block-column-is-layout-flow\">\n<h2 class=\"wp-block-heading hestia-title\">Send us a message<\/h2>\n\n\n\n<div style=\"height:40px\" aria-hidden=\"true\" class=\"wp-block-spacer\"><\/div>\n\n\n\n<div class=\"contact-wrapper\">\n\t\t\t\t\t\t\t\t\t\t\t\t\t\t\t\t\t\t\t<div class=\"content\">\n\t\t\t\n\t\t\t  <form action=\"\">\n\t\t\t   <div class=\"form-group\">\n\t\t\t    <input type=\"text\" id=\"fname\" name=\"firstname\" placeholder=\"Your name..\">\n\t\t\t<\/div>\n\t\t\t<div class=\"form-group\">\n\t\t\t    <input type=\"text\" id=\"lname\" name=\"lastname\" placeholder=\"Your Last Name..\">\n\t\t\t<\/div>\n\t\t\t<div class=\"form-group\">\n\t\t\t    <textarea id=\"subject\" name=\"subject\" placeholder=\"Write a message..\" style=\"height:200px\"><\/textarea>\n\t\t\t<\/div>\n\t\t\t    <input type=\"submit\" value=\"Send\">\n\t\t\t\n\t\t\t  <input type=\"hidden\" name=\"trp-form-language\" value=\"en\"\/><\/form>\n\t\t\t<\/div>\n\t\t\t<\/div>\n<\/div>\n\n\n\n<div class=\"wp-block-column is-vertically-aligned-center is-layout-flow wp-block-column-is-layout-flow\">\n<div class=\"wp-block-columns is-layout-flex wp-container-core-columns-is-layout-28f84493 wp-block-columns-is-layout-flex\">\n<div class=\"wp-block-column is-layout-flow wp-block-column-is-layout-flow\"><\/div>\n\n\n\n<div class=\"wp-block-column is-layout-flow wp-block-column-is-layout-flow\" style=\"flex-basis:50%\">\n<h4 class=\"wp-block-heading has-text-align-left hestia-title has-text-color\" style=\"color:#3c4858;font-size:18px\"><img loading=\"lazy\" decoding=\"async\" width=\"24\" height=\"24\" class=\"wp-image-206\" style=\"width: 24px;\" src=\"https:\/\/www.investco.hr\/wp-content\/uploads\/2023\/06\/map.png\" alt=\"\">  Office address<\/h4>\n\n\n\n<p class=\"has-text-align-left has-text-color\" style=\"color:#999999;font-size:14px\">Dalmatinska ulica 1<br>Zagreb<br>Croatia<\/p>\n\n\n\n<div style=\"height:40px\" aria-hidden=\"true\" class=\"wp-block-spacer\"><\/div>\n\n\n\n<h4 class=\"wp-block-heading has-text-align-left hestia-title has-text-color\" style=\"color:#3c4858;font-size:18px\"><img loading=\"lazy\" decoding=\"async\" width=\"24\" height=\"24\" class=\"wp-image-207\" style=\"width: 24px;\" src=\"https:\/\/www.investco.hr\/wp-content\/uploads\/2023\/06\/phone.png\" alt=\"\">  Call us<\/h4>\n\n\n\n<p class=\"has-text-align-left has-text-color\" style=\"color:#999999;font-size:14px\"> + 385 (1) 48 11 777<\/p>\n\n\n\n<div style=\"height:40px\" aria-hidden=\"true\" class=\"wp-block-spacer\"><\/div>\n\n\n\n<h4 class=\"wp-block-heading has-text-align-left hestia-title has-text-color\" style=\"color:#3c4858;font-size:18px\"><img loading=\"lazy\" decoding=\"async\" width=\"24\" height=\"24\" class=\"wp-image-208\" style=\"width: 24px;\" src=\"https:\/\/www.investco.hr\/wp-content\/uploads\/2023\/06\/toolbox.png\" alt=\"\"><strong>  <\/strong>Company information<\/h4>\n\n\n\n<p class=\"has-text-align-left has-text-color\" style=\"color:#999999;font-size:14px\"><strong>Company name:<\/strong> INVESTCO d.o.o. for business consulting<br><strong>Company registered in the commercial register:<\/strong> Trgova\u010dki sud Zagreb no. MBS 080130724<br><strong>Bank account:<\/strong> Privredna banka Zagreb d.d.<br><strong>Account number:<\/strong> 2340009-1118000631<br><strong>Amount of capital:<\/strong> 5.000.000, 00 kuna \/ amount paid in full<br><strong>Member of the management board of the company:<\/strong> Miroslav Bla\u017eev<br><strong>Registration number:<\/strong> 080130724<br><strong>OIB:<\/strong> 19795081741<br><strong>E-mail:<\/strong> <a href=\"mailto:investco@investco.hr\">investco@investco.hr<\/a><\/p>\n<\/div>\n\n\n\n<div class=\"wp-block-column is-layout-flow wp-block-column-is-layout-flow\"><\/div>\n<\/div>\n<\/div>\n<\/div>\n\n\n\n<p><\/p>","protected":false},"excerpt":{"rendered":"<p>Po\u0161alji nam poruku Adresa ureda Dalmatinska ulica 1ZagrebHrvatska Nazovite nas + 385 (1) 48 11 777 Informacije o tvrtki Naziv tvrtke: INVESTCO d.o.o. za poslovno savjetovanjeTvrtka upisana u trgova\u010dki registar: Trgova\u010dki sud Zagreb br. MBS 080130724Ra\u010dun u banci: Privredna banka Zagreb d.d.Broj ra\u010duna: 2340009-1118000631Iznos temeljnog kapitala: 5.000.000,00 kuna \/ iznos [&hellip;]<\/p>\n","protected":false},"author":1,"featured_media":38,"parent":0,"menu_order":0,"comment_status":"closed","ping_status":"closed","template":"page-templates\/template-pagebuilder-full-width.php","meta":{"_themeisle_gutenberg_block_has_review":false,"footnotes":""},"class_list":["post-46","page","type-page","status-publish","has-post-thumbnail","hentry"],"_links":{"self":[{"href":"https:\/\/www.investco.hr\/en\/wp-json\/wp\/v2\/pages\/46","targetHints":{"allow":["GET"]}}],"collection":[{"href":"https:\/\/www.investco.hr\/en\/wp-json\/wp\/v2\/pages"}],"about":[{"href":"https:\/\/www.investco.hr\/en\/wp-json\/wp\/v2\/types\/page"}],"author":[{"embeddable":true,"href":"https:\/\/www.investco.hr\/en\/wp-json\/wp\/v2\/users\/1"}],"replies":[{"embeddable":true,"href":"https:\/\/www.investco.hr\/en\/wp-json\/wp\/v2\/comments?post=46"}],"version-history":[{"count":11,"href":"https:\/\/www.investco.hr\/en\/wp-json\/wp\/v2\/pages\/46\/revisions"}],"predecessor-version":[{"id":369,"href":"https:\/\/www.investco.hr\/en\/wp-json\/wp\/v2\/pages\/46\/revisions\/369"}],"wp:featuredmedia":[{"embeddable":true,"href":"https:\/\/www.investco.hr\/en\/wp-json\/wp\/v2\/media\/38"}],"wp:attachment":[{"href":"https:\/\/www.investco.hr\/en\/wp-json\/wp\/v2\/media?parent=46"}],"curies":[{"name":"wp","href":"https:\/\/api.w.org\/{rel}","templated":true}]}}